{"id":148,"date":"2011-11-20T22:40:55","date_gmt":"2011-11-20T21:40:55","guid":{"rendered":"http:\/\/www.christian-epp.de\/?page_id=148"},"modified":"2015-02-03T22:04:40","modified_gmt":"2015-02-03T21:04:40","slug":"24-stunden-album","status":"publish","type":"page","link":"https:\/\/www.christian-epp.de\/?page_id=148","title":{"rendered":"24-Stunden-Album"},"content":{"rendered":"<p>Dieses kleine Projekt ist inspiriert von dieser <a title=\"Album A Day\" href=\"http:\/\/crapart.spacebar.org\/aad\/\" target=\"_blank\">Webseite <\/a>und der Tatsache, dass Michael ein <a title=\"24-Stunden-Comic\" href=\"http:\/\/www.btw-comic.de\/24-stunden-comic\/\" target=\"_blank\">24-Stunden-Comic<\/a> erstellen wollte. Es ging mir vor allem darum, meiner Kreativit\u00e4t freien Lauf zu lassen und gleichzeitig mein kleines Heimstudio auszuprobieren. Zur Einf\u00fchrung gibt es hier erstmal ein Video, dass wir innerhalb der 24 Stunden (3.11. bis 4.11.2011) aufgenommen haben:<\/p>\n<p><iframe loading=\"lazy\" width=\"676\" height=\"380\" src=\"http:\/\/www.youtube.com\/embed\/vhlkwMtFbvI?feature=oembed\" frameborder=\"0\" allowfullscreen><\/iframe><\/p>\n<p>Das Ganze hat Spa\u00df gemacht, aber hat auch etwas Kraft gekostet. Die Regeln, an die ich mich gehalten habe:<\/p>\n<ul>\n<li>Alles wurde an einem Tag geschrieben, gespielt, aufgenommen und produziert.<\/li>\n<li>Das Album umfasst mindestens 20 Minuten (oder 30 Songs, aber ich hab mich f\u00fcr die Minutenzahl entschieden)<\/li>\n<li>Es wurde nicht parallel an verschiedenen Songs gearbeitet (immerhin hab ich ja auch alles alleine gemacht)<\/li>\n<li>Keine Ideen sind vor diesem Tag entstanden (auch keine Covers erlaubt)<\/li>\n<\/ul>\n<p>Eine Regel von der Crap-Art-Seite hab ich aber (mit Absicht) gebrochen: Man sollte keine Outtakes produzieren, also nichts mehrfach aufnehmen. Ich hab aber doch lieber manche Aufnahmen wiederholt, wenn die totaler Mist waren.<br \/>\nDie Lieder vom Album findet Ihr nun hier! Viel Spa\u00df!<\/p>\n<p><strong>Christian Epp &#8211; 24 Stunden Album<\/strong><\/p>\n<table>\n<tbody>\n<tr>\n<td width=\"150px\">1 &#8211; Intro Song<\/td>\n<td><!--[if lt IE 9]><script>document.createElement('audio');<\/script><![endif]-->\n<audio class=\"wp-audio-shortcode\" id=\"audio-148-1\" preload=\"none\" style=\"width: 100%;\" controls=\"controls\"><source type=\"audio\/mpeg\" src=\"http:\/\/my.christian-epp.de\/data\/24_Stunden_Album\/01-Intro_Song.mp3?_=1\" \/><a href=\"http:\/\/my.christian-epp.de\/data\/24_Stunden_Album\/01-Intro_Song.mp3\">http:\/\/my.christian-epp.de\/data\/24_Stunden_Album\/01-Intro_Song.mp3<\/a><\/audio><\/td>\n<\/tr>\n<tr>\n<td><\/td>\n<td>Das erste Lied der Albums war gleichzeitig das letzte. Das entstand au\u00dferdem unter Zeitdruck innerhalb der letzten Stunde. Ich wollte die ganze Zeit noch ein Intro-Lied machen und pl\u00f6tzlich wurde es knapp.<\/td>\n<\/tr>\n<tr>\n<td>2 &#8211; Der Gute Stift<\/td>\n<td><audio class=\"wp-audio-shortcode\" id=\"audio-148-2\" preload=\"none\" style=\"width: 100%;\" controls=\"controls\"><source type=\"audio\/mpeg\" src=\"http:\/\/my.christian-epp.de\/data\/24_Stunden_Album\/02-Der_Gute_Stift.mp3?_=2\" \/><a href=\"http:\/\/my.christian-epp.de\/data\/24_Stunden_Album\/02-Der_Gute_Stift.mp3\">http:\/\/my.christian-epp.de\/data\/24_Stunden_Album\/02-Der_Gute_Stift.mp3<\/a><\/audio><\/td>\n<\/tr>\n<tr>\n<td><\/td>\n<td>Dieses war das erste Lied, dass ich geschrieben hab. Es basiert auf einer wahren Geschichte. Manchmal muss man nur eine \u00dcberschrift haben und der Rest kommt von alleine. Das wird DER Hit!<\/td>\n<\/tr>\n<tr>\n<td>3 &#8211; Hot Dog Song<\/td>\n<td><audio class=\"wp-audio-shortcode\" id=\"audio-148-3\" preload=\"none\" style=\"width: 100%;\" controls=\"controls\"><source type=\"audio\/mpeg\" src=\"http:\/\/my.christian-epp.de\/data\/24_Stunden_Album\/03-Hot_Dog_Song.mp3?_=3\" \/><a href=\"http:\/\/my.christian-epp.de\/data\/24_Stunden_Album\/03-Hot_Dog_Song.mp3\">http:\/\/my.christian-epp.de\/data\/24_Stunden_Album\/03-Hot_Dog_Song.mp3<\/a><\/audio><\/td>\n<\/tr>\n<tr>\n<td><\/td>\n<td>Nach dem Mittagessen viel mir einfach nichts anderes als dieser Text ein. Rate mal, was es gab :)<\/td>\n<\/tr>\n<tr>\n<td>4 &#8211; Schwarzes Gold<\/td>\n<td><audio class=\"wp-audio-shortcode\" id=\"audio-148-4\" preload=\"none\" style=\"width: 100%;\" controls=\"controls\"><source type=\"audio\/mpeg\" src=\"http:\/\/my.christian-epp.de\/data\/24_Stunden_Album\/04-Schwarzes_Gold.mp3?_=4\" \/><a href=\"http:\/\/my.christian-epp.de\/data\/24_Stunden_Album\/04-Schwarzes_Gold.mp3\">http:\/\/my.christian-epp.de\/data\/24_Stunden_Album\/04-Schwarzes_Gold.mp3<\/a><\/audio><\/td>\n<\/tr>\n<tr>\n<td><\/td>\n<td>Diese Idee kam von meiner Schwester. Sie meinte, ich k\u00f6nne doch ein Lied \u00fcber Kaffee schreiben. Zur Inspiration habe ich mir nat\u00fcrlich ein paar Schlucke genehmigt. Ob das ne Jugendfreigabe bekommt?<\/td>\n<\/tr>\n<tr>\n<td>5 &#8211; Informatik Blues<\/td>\n<td><audio class=\"wp-audio-shortcode\" id=\"audio-148-5\" preload=\"none\" style=\"width: 100%;\" controls=\"controls\"><source type=\"audio\/mpeg\" src=\"http:\/\/my.christian-epp.de\/data\/24_Stunden_Album\/05-Informatik_Blues.mp3?_=5\" \/><a href=\"http:\/\/my.christian-epp.de\/data\/24_Stunden_Album\/05-Informatik_Blues.mp3\">http:\/\/my.christian-epp.de\/data\/24_Stunden_Album\/05-Informatik_Blues.mp3<\/a><\/audio><\/td>\n<\/tr>\n<tr>\n<td><\/td>\n<td>Michael meinte (zu recht?), dass das Lied von der Musik her kein richtiger Blues ist. Besonders stolz bin ich auf die erste Strophe!<\/td>\n<\/tr>\n<tr>\n<td>6 &#8211; Wohnungslied<\/td>\n<td><audio class=\"wp-audio-shortcode\" id=\"audio-148-6\" preload=\"none\" style=\"width: 100%;\" controls=\"controls\"><source type=\"audio\/mpeg\" src=\"http:\/\/my.christian-epp.de\/data\/24_Stunden_Album\/06-Wohnungslied.mp3?_=6\" \/><a href=\"http:\/\/my.christian-epp.de\/data\/24_Stunden_Album\/06-Wohnungslied.mp3\">http:\/\/my.christian-epp.de\/data\/24_Stunden_Album\/06-Wohnungslied.mp3<\/a><\/audio><\/td>\n<\/tr>\n<tr>\n<td><\/td>\n<td>Geschichten, die das Lebens schreibt. Mein pers\u00f6nliches Lieblingslied!<\/td>\n<\/tr>\n<tr>\n<td>7 &#8211; Write A Song<\/td>\n<td><audio class=\"wp-audio-shortcode\" id=\"audio-148-7\" preload=\"none\" style=\"width: 100%;\" controls=\"controls\"><source type=\"audio\/mpeg\" src=\"http:\/\/my.christian-epp.de\/data\/24_Stunden_Album\/07-Write_A_Song.mp3?_=7\" \/><a href=\"http:\/\/my.christian-epp.de\/data\/24_Stunden_Album\/07-Write_A_Song.mp3\">http:\/\/my.christian-epp.de\/data\/24_Stunden_Album\/07-Write_A_Song.mp3<\/a><\/audio><\/td>\n<\/tr>\n<tr>\n<td><\/td>\n<td>Das Lied spricht f\u00fcr sich selbst.<\/td>\n<\/tr>\n<tr>\n<td>8 &#8211; Bang Your Head<\/td>\n<td><audio class=\"wp-audio-shortcode\" id=\"audio-148-8\" preload=\"none\" style=\"width: 100%;\" controls=\"controls\"><source type=\"audio\/mpeg\" src=\"http:\/\/my.christian-epp.de\/data\/24_Stunden_Album\/08-Bang_Your_Head.mp3?_=8\" \/><a href=\"http:\/\/my.christian-epp.de\/data\/24_Stunden_Album\/08-Bang_Your_Head.mp3\">http:\/\/my.christian-epp.de\/data\/24_Stunden_Album\/08-Bang_Your_Head.mp3<\/a><\/audio><\/td>\n<\/tr>\n<tr>\n<td><\/td>\n<td>Hier hab ich mal ein verr\u00fccktes Experiment gewagt: Ich hab zuerst die Schlagzeugspur eingespielt und dann den Gitarrenriff spontan dazugespielt. Das gilt auch f\u00fcr den &#8222;Gesang&#8220; und damit ist es das spontanste auf diesem Album.<\/td>\n<\/tr>\n<tr>\n<td>9 &#8211; 24 Stunden Lied<\/td>\n<td><audio class=\"wp-audio-shortcode\" id=\"audio-148-9\" preload=\"none\" style=\"width: 100%;\" controls=\"controls\"><source type=\"audio\/mpeg\" src=\"http:\/\/my.christian-epp.de\/data\/24_Stunden_Album\/09-24_Stunden_Lied.mp3?_=9\" \/><a href=\"http:\/\/my.christian-epp.de\/data\/24_Stunden_Album\/09-24_Stunden_Lied.mp3\">http:\/\/my.christian-epp.de\/data\/24_Stunden_Album\/09-24_Stunden_Lied.mp3<\/a><\/audio><\/td>\n<\/tr>\n<tr>\n<td><\/td>\n<td>Zuletzt noch ein Lied \u00fcber ein Lied, das ich hier schrieb.<\/td>\n<\/tr>\n<\/tbody>\n<\/table>\n","protected":false},"excerpt":{"rendered":"<p>Dieses kleine Projekt ist inspiriert von dieser Webseite und der Tatsache, dass Michael ein 24-Stunden-Comic erstellen wollte. Es ging mir vor allem darum, meiner Kreativit\u00e4t freien Lauf zu lassen und gleichzeitig mein kleines Heimstudio auszuprobieren. Zur Einf\u00fchrung gibt es hier erstmal ein Video, dass wir innerhalb der 24 Stunden (3.11. bis 4.11.2011) aufgenommen haben: Das [&hellip;]<\/p>\n","protected":false},"author":1,"featured_media":0,"parent":0,"menu_order":1,"comment_status":"open","ping_status":"closed","template":"","meta":{"footnotes":""},"class_list":["post-148","page","type-page","status-publish","hentry","post-preview"],"_links":{"self":[{"href":"https:\/\/www.christian-epp.de\/index.php?rest_route=\/wp\/v2\/pages\/148","targetHints":{"allow":["GET"]}}],"collection":[{"href":"https:\/\/www.christian-epp.de\/index.php?rest_route=\/wp\/v2\/pages"}],"about":[{"href":"https:\/\/www.christian-epp.de\/index.php?rest_route=\/wp\/v2\/types\/page"}],"author":[{"embeddable":true,"href":"https:\/\/www.christian-epp.de\/index.php?rest_route=\/wp\/v2\/users\/1"}],"replies":[{"embeddable":true,"href":"https:\/\/www.christian-epp.de\/index.php?rest_route=%2Fwp%2Fv2%2Fcomments&post=148"}],"version-history":[{"count":44,"href":"https:\/\/www.christian-epp.de\/index.php?rest_route=\/wp\/v2\/pages\/148\/revisions"}],"predecessor-version":[{"id":192,"href":"https:\/\/www.christian-epp.de\/index.php?rest_route=\/wp\/v2\/pages\/148\/revisions\/192"}],"wp:attachment":[{"href":"https:\/\/www.christian-epp.de\/index.php?rest_route=%2Fwp%2Fv2%2Fmedia&parent=148"}],"curies":[{"name":"wp","href":"https:\/\/api.w.org\/{rel}","templated":true}]}}