{"id":2,"date":"2009-10-23T21:07:47","date_gmt":"2009-10-23T20:07:47","guid":{"rendered":"http:\/\/www.christian-epp.de\/wordpress\/?page_id=2"},"modified":"2018-10-04T12:30:01","modified_gmt":"2018-10-04T11:30:01","slug":"eine-seite","status":"publish","type":"page","link":"https:\/\/www.christian-epp.de\/?page_id=2","title":{"rendered":"\u00dcber mich"},"content":{"rendered":"<p><a style=\"float: left;\" title=\"Chrepp mit Kopfh\u00f6rer\" href=\"http:\/\/www.christian-epp.de\/?attachment_id=55\" rel=\"attachment wp-att-55\"><img loading=\"lazy\" decoding=\"async\" class=\"wp-image-55 alignleft\" title=\"chrepp_fc-profil\" src=\"http:\/\/www.christian-epp.de\/wp-content\/uploads\/2009\/10\/chrepp_fc-profil-300x300.jpg\" alt=\"\" width=\"150\" height=\"150\" srcset=\"https:\/\/www.christian-epp.de\/wp-content\/uploads\/2009\/10\/chrepp_fc-profil-300x300.jpg 300w, https:\/\/www.christian-epp.de\/wp-content\/uploads\/2009\/10\/chrepp_fc-profil-150x150.jpg 150w, https:\/\/www.christian-epp.de\/wp-content\/uploads\/2009\/10\/chrepp_fc-profil-1024x1024.jpg 1024w, https:\/\/www.christian-epp.de\/wp-content\/uploads\/2009\/10\/chrepp_fc-profil.jpg 2000w\" sizes=\"auto, (max-width: 150px) 100vw, 150px\" \/><\/a><strong>Christian Epp<\/strong>, Informatiker, Musiker, Schreiber, Bastler und mehr.<\/p>\n<p><strong>\u00dcber diese Seite:<\/strong><\/p>\n<p>Hier zeige ich, womit ich mich so besch\u00e4ftige. Zumindest die besonders interessanten Dinge. Oder auch nicht. Manchmal mache ich total interessante Dinge, die ich \u00fcberhaupt nicht erw\u00e4hne. Vielleicht sind die auch gar nicht so interessant.<\/p>\n<p><strong>Mehr \u00fcber mich<\/strong>:<br \/>\n<a href=\"http:\/\/www.xing.com\/profile\/Christian_Epp4\" target=\"_blank\" rel=\"noopener\">http:\/\/www.xing.com\/profile\/Christian_Epp4<\/a><\/p>\n<p>(hier war mal ein Myspace-Link, aber so langsam macht der keinen Sinn mehr.<\/p>\n<p>Mehr von mir:<\/p>\n<p><a href=\"http:\/\/btw-comic.de\">http:\/\/btw-comic.de<\/a><\/p>\n<p><a href=\"http:\/\/seekerslog.com\">http:\/\/seekerslog.com<\/a><\/p>\n","protected":false},"excerpt":{"rendered":"<p>Christian Epp, Informatiker, Musiker, Schreiber, Bastler und mehr. \u00dcber diese Seite: Hier zeige ich, womit ich mich so besch\u00e4ftige. Zumindest die besonders interessanten Dinge. Oder auch nicht. Manchmal mache ich total interessante Dinge, die ich \u00fcberhaupt nicht erw\u00e4hne. Vielleicht sind die auch gar nicht so interessant. Mehr \u00fcber mich: http:\/\/www.xing.com\/profile\/Christian_Epp4 (hier war mal ein Myspace-Link, [&hellip;]<\/p>\n","protected":false},"author":1,"featured_media":0,"parent":0,"menu_order":0,"comment_status":"open","ping_status":"closed","template":"","meta":{"footnotes":""},"class_list":["post-2","page","type-page","status-publish","hentry","post-preview"],"_links":{"self":[{"href":"https:\/\/www.christian-epp.de\/index.php?rest_route=\/wp\/v2\/pages\/2","targetHints":{"allow":["GET"]}}],"collection":[{"href":"https:\/\/www.christian-epp.de\/index.php?rest_route=\/wp\/v2\/pages"}],"about":[{"href":"https:\/\/www.christian-epp.de\/index.php?rest_route=\/wp\/v2\/types\/page"}],"author":[{"embeddable":true,"href":"https:\/\/www.christian-epp.de\/index.php?rest_route=\/wp\/v2\/users\/1"}],"replies":[{"embeddable":true,"href":"https:\/\/www.christian-epp.de\/index.php?rest_route=%2Fwp%2Fv2%2Fcomments&post=2"}],"version-history":[{"count":36,"href":"https:\/\/www.christian-epp.de\/index.php?rest_route=\/wp\/v2\/pages\/2\/revisions"}],"predecessor-version":[{"id":588,"href":"https:\/\/www.christian-epp.de\/index.php?rest_route=\/wp\/v2\/pages\/2\/revisions\/588"}],"wp:attachment":[{"href":"https:\/\/www.christian-epp.de\/index.php?rest_route=%2Fwp%2Fv2%2Fmedia&parent=2"}],"curies":[{"name":"wp","href":"https:\/\/api.w.org\/{rel}","templated":true}]}}